{"id":7010,"date":"2025-12-18T10:55:30","date_gmt":"2025-12-18T10:55:30","guid":{"rendered":"http:\/\/asesores.local\/?page_id=7010"},"modified":"2026-02-10T15:22:48","modified_gmt":"2026-02-10T15:22:48","slug":"servicios-especializados-para-empresas","status":"publish","type":"page","link":"https:\/\/edjconsultingservices.com\/en\/servicios-especializados-para-empresas\/","title":{"rendered":"Ad\u00advanced tax op\u00adtim\u00adiz\u00ada\u00adtion and spe\u00adcial\u00adized ser\u00advices"},"content":{"rendered":"<main class=\"wp-block-group alignfull site-content is-layout-flow wp-block-group-is-layout-flow\" id=\"header\" style=\"margin-top:0\">\n<div class=\"wp-block-cover alignfull\" style=\"padding-top:0px\"><img fetchpriority=\"high\" decoding=\"async\" width=\"1024\" height=\"659\" class=\"wp-block-cover__image-background wp-image-7146 size-large\" alt src=\"https:\/\/edjconsultingservices.com\/wp-content\/uploads\/2026\/01\/desk-3139127_1280-1024x659.jpg\" data-object-fit=\"cover\" srcset=\"https:\/\/edjconsultingservices.com\/wp-content\/uploads\/2026\/01\/desk-3139127_1280-1024x659.jpg 1024w, https:\/\/edjconsultingservices.com\/wp-content\/uploads\/2026\/01\/desk-3139127_1280-300x193.jpg 300w, https:\/\/edjconsultingservices.com\/wp-content\/uploads\/2026\/01\/desk-3139127_1280-18x12.jpg 18w, https:\/\/edjconsultingservices.com\/wp-content\/uploads\/2026\/01\/desk-3139127_1280.jpg 1280w\" sizes=\"(max-width: 1024px) 100vw, 1024px\"><span aria-hidden=\"true\" class=\"wp-block-cover__background has-black-background-color has-background-dim-40 has-background-dim\"><\/span><div class=\"wp-block-cover__inner-container is-layout-flow wp-block-cover-is-layout-flow\">\n<div class=\"wp-block-group is-style-default has-global-padding is-layout-constrained wp-block-group-is-layout-constrained\">\n<div style=\"height:251px\" aria-hidden=\"true\" class=\"wp-block-spacer\"><\/div>\n\n\n\n<h2 class=\"wp-block-heading has-white-color has-text-color has-max-48-font-size\">TAX OPTIMIZATION AND SPECIALIZED SERVICES<\/h2>\n\n\n\n<div style=\"height:63px\" aria-hidden=\"true\" class=\"wp-block-spacer\"><\/div>\n<\/div>\n<\/div><\/div>\n<\/main>\n\n\n\n<div style=\"height:100px\" aria-hidden=\"true\" class=\"wp-block-spacer\"><\/div>\n\n\n\n<div id=\"services\" class=\"wp-block-group pattern_multiple_covers has-global-padding is-layout-constrained wp-container-core-group-is-layout-3a820303 wp-block-group-is-layout-constrained\" style=\"padding-right:var(--wp--preset--spacing--small);padding-left:var(--wp--preset--spacing--small)\">\n<p class=\"has-text-align-left has-text-color\" style=\"color:#1e4d7a;letter-spacing:1px\">TAX OPTIMIZATION AND SPECIALIZED SERVICES<\/p>\n\n\n\n<p class=\"has-text-align-justify has-text-align-justify\">When your com\u00adpany or busi\u00adness has grown, it\u2019s time to take a step bey\u00adond ad\u00admin\u00adis\u00adtrat\u00adive man\u00adage\u00adment. It\u2019s not just about com\u00adply\u00ading with taxes: it\u2019s about&nbsp;stra\u00adtegic\u00adally op\u00adtim\u00adiz\u00ading your tax struc\u00adture&nbsp;so you pay in\u00adtel\u00adli\u00adgently and leg\u00adally. This is where ad\u00advanced tax op\u00adtim\u00adiz\u00ada\u00adtion comes in.<\/p>\n\n\n\n<p class=\"has-text-align-justify has-text-align-justify\">Tra\u00adba\u00adjamos con empre\u00ads\u00adas y aut\u00f3nomos que han al\u00adcan\u00adzado cierto volu\u00admen y quier\u00aden re\u00advis\u00adar si su es\u00adtruc\u00adtura ac\u00adtu\u00adal es la m\u00e1s efi\u00adciente, de\u00adtectar opor\u00adtunid\u00adades de ahorro que es\u00adt\u00e1n de\u00adjando sobre la mesa, o pre\u00adpararse para un cam\u00adbio im\u00adport\u00adante (venta, fusi\u00f3n, cam\u00adbio de forma jur\u00eddica). En EDJ Con\u00adsult\u00ading Ser\u00advices te ofre\u00adcemos una vis\u00adi\u00f3n ex\u00adperta, te mostramos op\u00adciones y te ase\u00adsoramos en la im\u00adple\u00admenta\u00adci\u00f3n.<\/p>\n\n\n\n<div class=\"wp-block-group has-background-color has-text-color has-background is-layout-flow wp-block-group-is-layout-flow\" style=\"border-top-left-radius:20px;border-top-right-radius:20px;background-color:#1a2332;padding-top:0;padding-right:30px;padding-bottom:0;padding-left:30px\">\n<h3 class=\"wp-block-heading has-text-align-left has-white-color has-text-color\" style=\"font-size:clamp(18.959px, 1.185rem + ((1vw - 3.2px) * 0.977), 30px);\">Servicios Clave en Asesor\u00eda Fiscal<\/h3>\n<\/div>\n\n\n\n<p class=\"has-text-align-justify has-background-background-color has-background has-text-align-justify\" style=\"border-bottom-color:#cedfee;border-bottom-width:1px;margin-top:0;margin-bottom:0\"><strong>Tax audit and re\u00adview of op\u00adpor\u00adtun\u00adit\u00adies:&nbsp;&nbsp;<\/strong>We con\u00adduct a com\u00adpre\u00adhens\u00adive re\u00adview of your tax situ\u00adation: we ana\u00adlyze wheth\u00ader you\u2019re tak\u00ading ad\u00advant\u00adage of all avail\u00adable de\u00adduc\u00adtions, if your struc\u00adture is the most ef\u00adfi\u00adcient, if there are op\u00ader\u00ada\u00adtions that could be op\u00adtim\u00adized. We identi\u00adfy tax risks and op\u00adpor\u00adtun\u00adit\u00adies you may not have seen.<\/p>\n\n\n\n<p class=\"has-text-align-justify has-white-background-color has-background has-text-align-justify\" style=\"border-bottom-color:#cedfee;border-bottom-width:1px;margin-top:0;margin-bottom:0\"><strong>Design of ef\u00adfi\u00adcient struc\u00adtures:&nbsp;&nbsp;<\/strong>If you need a hold\u00ading com\u00adpany to group your busi\u00adnesses, op\u00adtim\u00adize di\u00advidends, or man\u00adage mul\u00adtiple pro\u00adjects, we design the most ef\u00adfi\u00adcient struc\u00adture. We ana\u00adlyze con\u00adsol\u00adid\u00ada\u00adtion tax be\u00adne\u00adfits, ex\u00ademp\u00adtions on cap\u00adit\u00adal gains and di\u00advidends, and ad\u00admin\u00adis\u00adtrat\u00adive sim\u00adpli\u00adfic\u00ada\u00adtion.<\/p>\n\n\n\n<p class=\"has-text-align-justify has-background-background-color has-background has-text-align-justify\" style=\"border-bottom-color:#cedfee;border-bottom-width:1px;margin-top:0;margin-bottom:0\"><strong>Cor\u00adpor\u00adate re\u00adstruc\u00adtur\u00ading with tax fo\u00adcus:&nbsp;&nbsp;<\/strong>If you\u2019re con\u00adsid\u00ader\u00ading a mer\u00adger, spin-off, trans\u00adform\u00ada\u00adtion, se\u00adgreg\u00ada\u00adtion, or oth\u00ader struc\u00adtur\u00adal change, we study it from a tax per\u00adspect\u00adive. There are ways to do these op\u00ader\u00ada\u00adtions that min\u00adim\u00adize taxes: we know how to do them.<\/p>\n\n\n\n<p class=\"has-text-align-justify has-white-background-color has-background has-text-align-justify\" style=\"border-bottom-color:#cedfee;border-bottom-width:1px;margin-top:0;margin-bottom:0\"><strong>In\u00adspec\u00adtion man\u00adage\u00adment and tax de\u00adfense:&nbsp;<\/strong>If you re\u00adceive a let\u00adter from the Tax Agency, we help you. We pre\u00adpare de\u00adfens\u00adive doc\u00adu\u00adment\u00ada\u00adtion, rep\u00adres\u00adent your po\u00ads\u00adi\u00adtion be\u00adfore the au\u00adthor\u00adit\u00adies, and ne\u00adgo\u00adti\u00adate the best pos\u00adsible terms. Ex\u00adper\u00adi\u00adence and prop\u00ader pro\u00adced\u00adure make the dif\u00adfer\u00adence.<\/p>\n\n\n\n<p class=\"has-text-align-justify has-background-background-color has-background has-text-align-justify\" style=\"border-bottom-color:#cedfee;border-bottom-width:1px;margin-top:0;margin-bottom:0\"><strong>Tax ad\u00advice and plan\u00adning with leg\u00adal cer\u00adtainty:&nbsp;&nbsp;<\/strong>If you have a com\u00adplex op\u00ader\u00ada\u00adtion and want cer\u00adtainty be\u00adfore ex\u00adecut\u00ading it, we can re\u00adquest a bind\u00ading tax rul\u00ading from the Tax Agency. It\u2019s like get\u00adting writ\u00adten \u201cper\u00admis\u00adsion\u201d from the tax au\u00adthor\u00adit\u00adies. Ad\u00advice with leg\u00adal pro\u00adtec\u00adtion.<\/p>\n\n\n\n<p class=\"has-text-align-justify has-white-background-color has-background has-text-align-justify\" style=\"border-bottom-color:#cedfee;border-bottom-width:1px;margin-top:0;margin-bottom:0\"><strong>Ba\u00adsic tax com\u00adpli\u00adance:&nbsp;<\/strong>&nbsp;We ad\u00adapt a com\u00adpli\u00adance pro\u00adgram to your size: peri\u00adod\u00adic re\u00adviews, con\u00adtinu\u00adous up\u00addat\u00ading of reg\u00adu\u00adlat\u00adory changes that af\u00adfect you, pre\u00adpar\u00ada\u00adtion for audits, in\u00adtern\u00adal con\u00adtrol of risk op\u00ader\u00ada\u00adtions.<\/p>\n<\/div>\n\n\n\n<div style=\"height:100px\" aria-hidden=\"true\" class=\"wp-block-spacer\"><\/div>\n\n\n\n<div class=\"wp-block-cover alignfull\" style=\"min-height:549px;aspect-ratio:unset;\"><img decoding=\"async\" width=\"1024\" height=\"680\" class=\"wp-block-cover__image-background wp-image-7148 size-large\" alt src=\"https:\/\/edjconsultingservices.com\/wp-content\/uploads\/2026\/01\/bookkeeping-615384_1280-1024x680.jpg\" data-object-fit=\"cover\" srcset=\"https:\/\/edjconsultingservices.com\/wp-content\/uploads\/2026\/01\/bookkeeping-615384_1280-1024x680.jpg 1024w, https:\/\/edjconsultingservices.com\/wp-content\/uploads\/2026\/01\/bookkeeping-615384_1280-300x199.jpg 300w, https:\/\/edjconsultingservices.com\/wp-content\/uploads\/2026\/01\/bookkeeping-615384_1280-18x12.jpg 18w, https:\/\/edjconsultingservices.com\/wp-content\/uploads\/2026\/01\/bookkeeping-615384_1280.jpg 1280w\" sizes=\"(max-width: 1024px) 100vw, 1024px\"><span aria-hidden=\"true\" class=\"wp-block-cover__background has-black-background-color has-background-dim-60 has-background-dim\"><\/span><div class=\"wp-block-cover__inner-container is-layout-flow wp-block-cover-is-layout-flow\">\n<div class=\"wp-block-group has-global-padding is-layout-constrained wp-container-core-group-is-layout-4383d167 wp-block-group-is-layout-constrained\">\n<div style=\"height:88px\" aria-hidden=\"true\" class=\"wp-block-spacer\"><\/div>\n\n\n\n<h2 class=\"wp-block-heading has-text-align-center has-white-color has-text-color has-max-48-font-size\">I want to review and optimize my tax structure<\/h2>\n\n\n\n<div class=\"wp-block-buttons is-content-justification-center is-layout-flex wp-container-core-buttons-is-layout-a89b3969 wp-block-buttons-is-layout-flex\">\n<div class=\"wp-block-button is-style-outline is-style-outline--1\"><a class=\"wp-block-button__link wp-element-button\" href=\"https:\/\/edjconsultingservices.com\/contact\/\" style=\"border-radius:0px;text-transform:uppercase\">CONTACT<\/a><\/div>\n<\/div>\n\n\n\n<div style=\"height:63px\" aria-hidden=\"true\" class=\"wp-block-spacer\"><\/div>\n<\/div>\n<\/div><\/div>\n\n\n\n<div style=\"height:0px\" aria-hidden=\"true\" class=\"wp-block-spacer\"><\/div>\n\n\n\n<p><\/p>","protected":false},"excerpt":{"rendered":"<p>SERVICIOS ESPECIALIZADOS PARA EMPRESAS Cuando tu empresa o tu ne\u00adgo\u00adcio ha cre\u00adcido, es el mo\u00admento de dar un paso m\u00e1s all\u00e1 de la gesti\u00f3n ad\u00admin\u00adis\u00adtrativa. No se trata solo de cump\u00adlir im\u00adpues\u00adtos: se trata de&nbsp;op\u00adtim\u00adiz\u00adar es\u00adtrat\u00e9\u00adgica\u00admente tu es\u00adtruc\u00adtura fisc\u00adal&nbsp;para que pagues de forma in\u00adteli\u00adgente y leg\u00adal. Es aqu\u00ed donde en\u00adtra la op\u00adtim\u00adiza\u00adci\u00f3n fisc\u00adal avan\u00adzada. Tra\u00adba\u00adjamos \u2026 <\/p>\n<p class=\"link-more\"><a href=\"https:\/\/edjconsultingservices.com\/en\/servicios-especializados-para-empresas\/\" class=\"more-link\">Read more<span class=\"screen-reader-text\"> \u00abSer\u00advi\u00adcios Es\u00adpe\u00adcial\u00adiz\u00ada\u00addos para Empre\u00ads\u00adas\u00bb<\/span><\/a><\/p>","protected":false},"author":1,"featured_media":0,"parent":0,"menu_order":0,"comment_status":"closed","ping_status":"closed","template":"page-templates\/full-width-transparent.php","meta":{"wp_typography_post_enhancements_disabled":false,"_inspiro_hide_title":false,"footnotes":""},"class_list":["post-7010","page","type-page","status-publish","hentry"],"_hostinger_reach_plugin_has_subscription_block":false,"_hostinger_reach_plugin_is_elementor":false,"featured_media_urls":[],"_links":{"self":[{"href":"https:\/\/edjconsultingservices.com\/en\/wp-json\/wp\/v2\/pages\/7010","targetHints":{"allow":["GET"]}}],"collection":[{"href":"https:\/\/edjconsultingservices.com\/en\/wp-json\/wp\/v2\/pages"}],"about":[{"href":"https:\/\/edjconsultingservices.com\/en\/wp-json\/wp\/v2\/types\/page"}],"author":[{"embeddable":true,"href":"https:\/\/edjconsultingservices.com\/en\/wp-json\/wp\/v2\/users\/1"}],"replies":[{"embeddable":true,"href":"https:\/\/edjconsultingservices.com\/en\/wp-json\/wp\/v2\/comments?post=7010"}],"version-history":[{"count":15,"href":"https:\/\/edjconsultingservices.com\/en\/wp-json\/wp\/v2\/pages\/7010\/revisions"}],"predecessor-version":[{"id":7594,"href":"https:\/\/edjconsultingservices.com\/en\/wp-json\/wp\/v2\/pages\/7010\/revisions\/7594"}],"wp:attachment":[{"href":"https:\/\/edjconsultingservices.com\/en\/wp-json\/wp\/v2\/media?parent=7010"}],"curies":[{"name":"wp","href":"https:\/\/api.w.org\/{rel}","templated":true}]}}